{"id":9,"date":"2018-08-22T18:19:14","date_gmt":"2018-08-22T18:19:14","guid":{"rendered":"http:\/\/skkoprivnice.cz\/?page_id=9"},"modified":"2024-08-20T15:30:22","modified_gmt":"2024-08-20T13:30:22","slug":"prijdte-mezi-nas","status":"publish","type":"page","link":"https:\/\/skkoprivnice.cz\/?page_id=9","title":{"rendered":"P\u0159ij\u010fte mezi n\u00e1s"},"content":{"rendered":"<h2 style=\"text-align: center;\"><span style=\"text-decoration: underline;\"><span style=\"color: #0000ff; text-decoration: underline;\">CHCETE SE NAU\u010cIT SPR\u00c1VN\u011a PLAVAT<\/span><span style=\"color: #0000ff; text-decoration: underline;\">?<\/span><\/span><\/h2>\n<p style=\"text-align: center;\">Sportovn\u00ed klub\u00a0Kop\u0159ivnice <strong>P\u0158\u00cdJ\u00cdM\u00c1\u00a0<\/strong> d\u011bti do<\/p>\n<p style=\"text-align: center;\">PLAV\u00c1N\u00cd<\/p>\n<p><em>Bli\u017e\u0161\u00ed informace:<\/em><\/p>\n<p><strong>Ing. Zden\u011bk Wil\u010dek, p\u0159edseda<\/strong><\/p>\n<ul>\n<li>tel: 731 735 458<\/li>\n<li>email: skkopr@seznam.cz<\/li>\n<\/ul>\n<p><strong>Petra Kah\u00e1nkov\u00e1, tren\u00e9rka<\/strong><\/p>\n<ul>\n<li>tel: 731 484 682<\/li>\n<li>email: benjaminkahanek@seznam.cz<\/li>\n<\/ul>\n","protected":false},"excerpt":{"rendered":"<p>CHCETE SE NAU\u010cIT SPR\u00c1VN\u011a PLAVAT? Sportovn\u00ed klub\u00a0Kop\u0159ivnice P\u0158\u00cdJ\u00cdM\u00c1\u00a0 d\u011bti do PLAV\u00c1N\u00cd Bli\u017e\u0161\u00ed informace: Ing. Zden\u011bk Wil\u010dek, p\u0159edseda tel: 731 735<\/p>\n","protected":false},"author":1,"featured_media":0,"parent":0,"menu_order":0,"comment_status":"closed","ping_status":"closed","template":"","meta":[],"_links":{"self":[{"href":"https:\/\/skkoprivnice.cz\/index.php?rest_route=\/wp\/v2\/pages\/9"}],"collection":[{"href":"https:\/\/skkoprivnice.cz\/index.php?rest_route=\/wp\/v2\/pages"}],"about":[{"href":"https:\/\/skkoprivnice.cz\/index.php?rest_route=\/wp\/v2\/types\/page"}],"author":[{"embeddable":true,"href":"https:\/\/skkoprivnice.cz\/index.php?rest_route=\/wp\/v2\/users\/1"}],"replies":[{"embeddable":true,"href":"https:\/\/skkoprivnice.cz\/index.php?rest_route=%2Fwp%2Fv2%2Fcomments&post=9"}],"version-history":[{"count":5,"href":"https:\/\/skkoprivnice.cz\/index.php?rest_route=\/wp\/v2\/pages\/9\/revisions"}],"predecessor-version":[{"id":2136,"href":"https:\/\/skkoprivnice.cz\/index.php?rest_route=\/wp\/v2\/pages\/9\/revisions\/2136"}],"wp:attachment":[{"href":"https:\/\/skkoprivnice.cz\/index.php?rest_route=%2Fwp%2Fv2%2Fmedia&parent=9"}],"curies":[{"name":"wp","href":"https:\/\/api.w.org\/{rel}","templated":true}]}}