{"id":8,"date":"2018-08-22T18:19:14","date_gmt":"2018-08-22T18:19:14","guid":{"rendered":"http:\/\/skkoprivnice.cz\/?page_id=8"},"modified":"2018-09-30T20:59:10","modified_gmt":"2018-09-30T18:59:10","slug":"o-nas","status":"publish","type":"page","link":"https:\/\/skkoprivnice.cz\/?page_id=8","title":{"rendered":"O N\u00c1S"},"content":{"rendered":"<h1 style=\"text-align: center;\"><strong><u>Sportovn\u00ed klub Kop\u0159ivnice, z.s. <\/u><\/strong><\/h1>\n<p style=\"text-align: center;\"><strong><u>(d\u00e1le v\u00a0textu uv\u00e1d\u011bno jen jako Klub)<\/u><\/strong><\/p>\n<p><u>Neziskov\u00e1 organizace, jej\u00ed\u017e \u010dinnost je \u010d\u00e1ste\u010dn\u011b hrazena z dotac\u00ed<\/u><\/p>\n<ul>\n<li>Dobrovoln\u00fd svazek \u010dlen\u016f, kte\u0159\u00ed provozuj\u00ed sport, osv\u011btovou a vzd\u011bl\u00e1vac\u00ed \u010dinnost.<\/li>\n<\/ul>\n<h2><strong>Z\u00e1kladn\u00edm \u00fa\u010delem a hlavn\u00ed \u010dinnost\u00ed Klubu je:<\/strong><\/h2>\n<ul>\n<li>Provozovat sport a odbornou \u010dinnost v\u00a0r\u00e1mci zapojen\u00ed do sportovn\u00edch a t\u011blov\u00fdchovn\u00fdch aktivit;<\/li>\n<li>Vytv\u00e1\u0159et \u0161irok\u00e9 mo\u017enosti u\u017e\u00edv\u00e1n\u00ed sv\u00fdch sportovi\u0161\u0165 pro z\u00e1jemce z\u00a0\u0159ad ve\u0159ejnosti, zejm\u00e9na pak ml\u00e1de\u017ee;<\/li>\n<li>Budovat, provozovat a udr\u017eovat sportovn\u00ed a jin\u00e1 za\u0159\u00edzen\u00ed, kter\u00e1 vlastn\u00ed nebo u\u017e\u00edv\u00e1.<\/li>\n<\/ul>\n<p>&nbsp;<\/p>\n<p style=\"text-align: center;\">Na\u0161im \u00fakolem je poskytnout sortiment slu\u017eeb na <strong><u>profesion\u00e1ln\u00ed \u00farovni<\/u><\/strong> pro v\u0161echny ob\u010dany m\u011bsta Kop\u0159ivnice, a t\u00edm zajistit pot\u0159ebnou mo\u017enost pohybov\u00fdch aktivit a prevenci d\u011bt\u00ed, ml\u00e1de\u017ee a mlad\u00fdch dosp\u011bl\u00fdch.<\/p>\n<p style=\"padding-left: 30px;\">Klub umo\u017e\u0148uje v\u0161em v\u011bkov\u00fdm skupin\u00e1m aktivn\u00ed vyu\u017eit\u00ed volno\u010dasov\u00fdch aktivit v oblasti <u>plaveck\u00fdch sport\u016f, atletiky, modern\u00edho p\u011btiboje a triatlonu<\/u>, Ned\u00edlnou sou\u010d\u00e1st\u00ed na\u0161\u00ed \u010dinnosti je inkluze handicapovan\u00fdch d\u011bt\u00ed a ml\u00e1de\u017ee, a\u00a0tak\u00e9 organizace tradi\u010dn\u00edch akc\u00ed pro maxim\u00e1ln\u00ed po\u010det ob\u010dan\u016f m\u011bsta Kop\u0159ivnice a okol\u00ed (nap\u0159. ji\u017e n\u011bkolik let m\u00e1me nejv\u011bt\u0161\u00ed po\u010det z\u00e1jemc\u016f o p\u0159\u00edm\u011bstsk\u00e9 t\u00e1bory).<\/p>\n<p style=\"padding-left: 30px;\">C\u00edlem na\u0161ich aktivit je rozvoj zdrav\u00e9ho \u017eivotn\u00edho stylu a kl\u00ed\u010dov\u00fdch kompetenc\u00ed pro z\u00edsk\u00e1n\u00ed spr\u00e1vn\u00fdch n\u00e1vyk\u016f v b\u011b\u017en\u00e9m \u017eivot\u011b a z\u00e1klad pro lep\u0161\u00ed uplatn\u011bn\u00ed v budoucnu na trhu pr\u00e1ce.<\/p>\n<p style=\"padding-left: 30px;\">Klub se sna\u017e\u00ed zaji\u0161\u0165ovat rozvoj v\u0161ech v\u011bkov\u00fdch skupin d\u011bt\u00ed a ml\u00e1de\u017ee tak, aby byly schopny kvalitn\u011b, a hlavn\u011b plnohodnotn\u011b tr\u00e1vit voln\u00fd \u010das a nenaru\u0161ovat tak patologick\u00fdmi jevy sv\u00e9 okol\u00ed a \u017eivotn\u00ed prost\u0159ed\u00ed.<\/p>\n<p style=\"padding-left: 30px;\">Prost\u0159ednictv\u00edm Klubu jsou v\u0161echny v\u011bkov\u00e9 kategorie aktivn\u011b zapojov\u00e1ny do \u010dinnost\u00ed rozv\u00edjej\u00edc\u00edch nejen t\u00fdmovou spolupr\u00e1ci, ale tak\u00e9 spr\u00e1vn\u00e9 \u017eivotn\u00ed postoje. Na\u0161i \u010dlenov\u00e9 maj\u00ed kladn\u00fd vztah ke sportu jako takov\u00e9mu a jeho prost\u0159ednictv\u00edm aktivn\u011b vypl\u0148uj\u00ed sv\u016fj voln\u00fd \u010das. Sport se pro n\u011b st\u00e1v\u00e1 n\u00e1strojem seberealizace, motivace k ustavi\u010dn\u00e9mu zlep\u0161ov\u00e1n\u00ed a prost\u0159edkem k\u00a0odreagov\u00e1n\u00ed a odbour\u00e1v\u00e1n\u00ed p\u0159ebyte\u010dn\u00e9 energie<\/p>\n","protected":false},"excerpt":{"rendered":"<p>Sportovn\u00ed klub Kop\u0159ivnice, z.s. (d\u00e1le v\u00a0textu uv\u00e1d\u011bno jen jako Klub) Neziskov\u00e1 organizace, jej\u00ed\u017e \u010dinnost je \u010d\u00e1ste\u010dn\u011b hrazena z dotac\u00ed Dobrovoln\u00fd<\/p>\n","protected":false},"author":1,"featured_media":0,"parent":0,"menu_order":0,"comment_status":"closed","ping_status":"closed","template":"","meta":[],"_links":{"self":[{"href":"https:\/\/skkoprivnice.cz\/index.php?rest_route=\/wp\/v2\/pages\/8"}],"collection":[{"href":"https:\/\/skkoprivnice.cz\/index.php?rest_route=\/wp\/v2\/pages"}],"about":[{"href":"https:\/\/skkoprivnice.cz\/index.php?rest_route=\/wp\/v2\/types\/page"}],"author":[{"embeddable":true,"href":"https:\/\/skkoprivnice.cz\/index.php?rest_route=\/wp\/v2\/users\/1"}],"replies":[{"embeddable":true,"href":"https:\/\/skkoprivnice.cz\/index.php?rest_route=%2Fwp%2Fv2%2Fcomments&post=8"}],"version-history":[{"count":6,"href":"https:\/\/skkoprivnice.cz\/index.php?rest_route=\/wp\/v2\/pages\/8\/revisions"}],"predecessor-version":[{"id":497,"href":"https:\/\/skkoprivnice.cz\/index.php?rest_route=\/wp\/v2\/pages\/8\/revisions\/497"}],"wp:attachment":[{"href":"https:\/\/skkoprivnice.cz\/index.php?rest_route=%2Fwp%2Fv2%2Fmedia&parent=8"}],"curies":[{"name":"wp","href":"https:\/\/api.w.org\/{rel}","templated":true}]}}