{"id":606,"date":"2018-12-15T22:00:13","date_gmt":"2018-12-15T21:00:13","guid":{"rendered":"http:\/\/skkoprivnice.cz\/?page_id=606"},"modified":"2020-01-21T11:43:05","modified_gmt":"2020-01-21T10:43:05","slug":"dotacni-programy","status":"publish","type":"page","link":"https:\/\/skkoprivnice.cz\/?page_id=606","title":{"rendered":"Dota\u010dn\u00ed programy 2019"},"content":{"rendered":"<p><strong>Podpora SK Kop\u0159ivnice, z.s. z Moravskoslezsk\u00e9ho kraje<\/strong><\/p>\n<p>Dne 23.4.2019 byly podeps\u00e1ny dv\u011b smlouvy o poskytnut\u00ed dotace z dota\u010dn\u00edho titulu\u00a0 \u201e<strong>Podpora v\u00fdznamn\u00fdch sportovn\u00edch akc\u00ed v Moravskoslezsk\u00e9m kraji a sportovn\u00ed reprezentace Moravskoslezsk\u00e9ho kraje na mezin\u00e1rodn\u00ed \u00farovni v roce 2019 \u2013 priorita 1<\/strong>\u201c z rozpo\u010dtu Moravskoslezsk\u00e9ho kraje mezi: Moravskoslezsk\u00fdm krajem a Sportovn\u00edm klubem Kop\u0159ivnice, z.s.<\/p>\n<p>\u00a0<\/p>\n<p><u>P\u0159edm\u011btem a \u00fa\u010delem prvn\u00ed smlouvy:<\/u><\/p>\n<p>N\u00e1zev projektu: \u201e<strong>Mezin\u00e1rodn\u00ed Velk\u00e1 cena Kop\u0159ivnice v plav\u00e1n\u00ed<\/strong>\u201c.<\/p>\n<p>Dotace ve v\u00fd\u0161i 57.000,00 K\u010d.<\/p>\n<p>\u00a0<\/p>\n<p><u>P\u0159edm\u011btem a \u00fa\u010delem druh\u00e9 smlouvy:<\/u><\/p>\n<p>N\u00e1zev projektu: \u201e<strong>\u00da\u010dast ml\u00e1de\u017enick\u00fdch t\u00fdm\u016f na mezin\u00e1rodn\u00edch sportovn\u00edch akc\u00ed a sout\u011b\u017e\u00ed v zahrani\u010d\u00ed v roce 2019\u201c<\/strong>.<\/p>\n<p>Dotace ve v\u00fd\u0161i 150.000,00 K\u010d<\/p>\n\n\n<p><\/p>\n","protected":false},"excerpt":{"rendered":"<p>Podpora SK Kop\u0159ivnice, z.s. z Moravskoslezsk\u00e9ho kraje Dne 23.4.2019 byly podeps\u00e1ny dv\u011b smlouvy o poskytnut\u00ed dotace z dota\u010dn\u00edho titulu\u00a0 \u201ePodpora<\/p>\n","protected":false},"author":1,"featured_media":0,"parent":0,"menu_order":0,"comment_status":"closed","ping_status":"closed","template":"","meta":[],"_links":{"self":[{"href":"https:\/\/skkoprivnice.cz\/index.php?rest_route=\/wp\/v2\/pages\/606"}],"collection":[{"href":"https:\/\/skkoprivnice.cz\/index.php?rest_route=\/wp\/v2\/pages"}],"about":[{"href":"https:\/\/skkoprivnice.cz\/index.php?rest_route=\/wp\/v2\/types\/page"}],"author":[{"embeddable":true,"href":"https:\/\/skkoprivnice.cz\/index.php?rest_route=\/wp\/v2\/users\/1"}],"replies":[{"embeddable":true,"href":"https:\/\/skkoprivnice.cz\/index.php?rest_route=%2Fwp%2Fv2%2Fcomments&post=606"}],"version-history":[{"count":10,"href":"https:\/\/skkoprivnice.cz\/index.php?rest_route=\/wp\/v2\/pages\/606\/revisions"}],"predecessor-version":[{"id":1162,"href":"https:\/\/skkoprivnice.cz\/index.php?rest_route=\/wp\/v2\/pages\/606\/revisions\/1162"}],"wp:attachment":[{"href":"https:\/\/skkoprivnice.cz\/index.php?rest_route=%2Fwp%2Fv2%2Fmedia&parent=606"}],"curies":[{"name":"wp","href":"https:\/\/api.w.org\/{rel}","templated":true}]}}