{"id":516,"date":"2018-10-15T19:45:09","date_gmt":"2018-10-15T17:45:09","guid":{"rendered":"http:\/\/skkoprivnice.cz\/?page_id=516"},"modified":"2019-04-08T13:05:26","modified_gmt":"2019-04-08T11:05:26","slug":"uredni-hodiny","status":"publish","type":"page","link":"https:\/\/skkoprivnice.cz\/?page_id=516","title":{"rendered":"\u00da\u0158EDN\u00cd HODINY"},"content":{"rendered":"<p>Od 8.4.2019 jsou \u00fa\u0159edn\u00ed hodiny do\u010dasn\u011b ukon\u010deny.<\/p>\n<p>V p\u0159\u00edpad\u011b pot\u0159eby se obracejte emailem na skkopr@seznam.cz.<\/p>\n","protected":false},"excerpt":{"rendered":"<p>Od 8.4.2019 jsou \u00fa\u0159edn\u00ed hodiny do\u010dasn\u011b ukon\u010deny. V p\u0159\u00edpad\u011b pot\u0159eby se obracejte emailem na skkopr@seznam.cz.<\/p>\n","protected":false},"author":1,"featured_media":0,"parent":0,"menu_order":0,"comment_status":"closed","ping_status":"closed","template":"","meta":[],"_links":{"self":[{"href":"https:\/\/skkoprivnice.cz\/index.php?rest_route=\/wp\/v2\/pages\/516"}],"collection":[{"href":"https:\/\/skkoprivnice.cz\/index.php?rest_route=\/wp\/v2\/pages"}],"about":[{"href":"https:\/\/skkoprivnice.cz\/index.php?rest_route=\/wp\/v2\/types\/page"}],"author":[{"embeddable":true,"href":"https:\/\/skkoprivnice.cz\/index.php?rest_route=\/wp\/v2\/users\/1"}],"replies":[{"embeddable":true,"href":"https:\/\/skkoprivnice.cz\/index.php?rest_route=%2Fwp%2Fv2%2Fcomments&post=516"}],"version-history":[{"count":12,"href":"https:\/\/skkoprivnice.cz\/index.php?rest_route=\/wp\/v2\/pages\/516\/revisions"}],"predecessor-version":[{"id":712,"href":"https:\/\/skkoprivnice.cz\/index.php?rest_route=\/wp\/v2\/pages\/516\/revisions\/712"}],"wp:attachment":[{"href":"https:\/\/skkoprivnice.cz\/index.php?rest_route=%2Fwp%2Fv2%2Fmedia&parent=516"}],"curies":[{"name":"wp","href":"https:\/\/api.w.org\/{rel}","templated":true}]}}