{"id":34,"date":"2018-08-22T18:19:15","date_gmt":"2018-08-22T18:19:15","guid":{"rendered":"http:\/\/skkoprivnice.cz\/?page_id=34"},"modified":"2025-07-02T06:44:58","modified_gmt":"2025-07-02T04:44:58","slug":"prihlaska","status":"publish","type":"page","link":"https:\/\/skkoprivnice.cz\/?page_id=34","title":{"rendered":"P\u0158IHL\u00c1\u0160KA 2025\/2026"},"content":{"rendered":"<p><strong>P\u0159ihl\u00e1\u0161ka SK Kop\u0159ivnice \u2013 2025\/2026<\/strong><\/p>\n<p><a href=\"https:\/\/forms.gle\/7GbxkxhxJ99SK5FZ6\" target=\"_blank\" rel=\"noreferrer noopener\">https:\/\/forms.gle\/\u20268u6<\/a><\/p>\n<p>\u00a0<\/p>\n\n\n<p><\/p>\n","protected":false},"excerpt":{"rendered":"<p>P\u0159ihl\u00e1\u0161ka SK Kop\u0159ivnice \u2013 2025\/2026 https:\/\/forms.gle\/\u20268u6 \u00a0<\/p>\n","protected":false},"author":1,"featured_media":0,"parent":0,"menu_order":0,"comment_status":"closed","ping_status":"closed","template":"","meta":[],"_links":{"self":[{"href":"https:\/\/skkoprivnice.cz\/index.php?rest_route=\/wp\/v2\/pages\/34"}],"collection":[{"href":"https:\/\/skkoprivnice.cz\/index.php?rest_route=\/wp\/v2\/pages"}],"about":[{"href":"https:\/\/skkoprivnice.cz\/index.php?rest_route=\/wp\/v2\/types\/page"}],"author":[{"embeddable":true,"href":"https:\/\/skkoprivnice.cz\/index.php?rest_route=\/wp\/v2\/users\/1"}],"replies":[{"embeddable":true,"href":"https:\/\/skkoprivnice.cz\/index.php?rest_route=%2Fwp%2Fv2%2Fcomments&post=34"}],"version-history":[{"count":9,"href":"https:\/\/skkoprivnice.cz\/index.php?rest_route=\/wp\/v2\/pages\/34\/revisions"}],"predecessor-version":[{"id":2297,"href":"https:\/\/skkoprivnice.cz\/index.php?rest_route=\/wp\/v2\/pages\/34\/revisions\/2297"}],"wp:attachment":[{"href":"https:\/\/skkoprivnice.cz\/index.php?rest_route=%2Fwp%2Fv2%2Fmedia&parent=34"}],"curies":[{"name":"wp","href":"https:\/\/api.w.org\/{rel}","templated":true}]}}