{"id":297,"date":"2018-08-30T08:08:47","date_gmt":"2018-08-30T06:08:47","guid":{"rendered":"http:\/\/skkoprivnice.cz\/?page_id=297"},"modified":"2019-09-10T18:04:40","modified_gmt":"2019-09-10T16:04:40","slug":"gdpr","status":"publish","type":"page","link":"https:\/\/skkoprivnice.cz\/?page_id=297","title":{"rendered":"ZPRACOV\u00c1N\u00cd OSOBN\u00cdCH \u00daDAJ\u016e"},"content":{"rendered":"<p>V\u00e1\u017een\u00ed rodi\u010de a \u010dlenov\u00e9 SK Kop\u0159ivnice,<\/p>\n<p>dovolujeme si V\u00e1s upozornit \u00a0(v souvislosti s Obecn\u00fdm na\u0159\u00edzen\u00edm o ochran\u011b osobn\u00edch \u00fadaj\u016f) \u00a0na pot\u0159ebu zaji\u0161t\u011bn\u00ed souhlasu se zpracov\u00e1n\u00edm osobn\u00edch \u00fadaj\u016f u v\u0161ech \u010dlen\u016f SK Kop\u0159ivnice, resp. u nezletil\u00fdch z\u00e1konn\u00e9ho z\u00e1stupce.<\/p>\n<p><b>Zaji\u0161t\u011bn\u00ed vypln\u011bn\u00ed a souhlas lze prov\u00e9st n\u00e1sleduj\u00edc\u00edmi zp\u016fsoby:\u00a0<\/b><\/p>\n<ol>\n<li>Osobn\u011b na kryt\u00e9m baz\u00e9nu v Kop\u0159ivnici.<\/li>\n<li>Vytisknout, vyplnit a p\u0159edat instruktorce\/instruktorovi plav\u00e1n\u00ed.<\/li>\n<li>Vytisknout, vyplnit, naskenovat a zaslat na adresu skkopr@seznam.cz s p\u0159edm\u011btem zpr\u00e1vy GDPR_Jm\u00e9no_a_p\u0159\u00edjmen\u00ed_\u010dlena<\/li>\n<\/ol>\n<p>Instrukce k vypln\u011bn\u00ed: Prvn\u00ed strana dokument je pouze informativn\u00ed. Na druh\u00e9 stran\u011b, pros\u00edm, vypl\u0148te:\u00a0<b>M\u00edsto<\/b>,\u00a0<b>datum<\/b>,\u00a0<b>Jm\u00e9no a p\u0159\u00edjmen\u00ed (\u010dlena),<\/b>\u00a0<b>Podpis z\u00e1konn\u00e9ho z\u00e1stupce (u nezletil\u00fdch)<\/b><\/p>\n<p>D\u011bkujeme za Va\u0161\u00ed sou\u010dinnost.<\/p>\n<p>SK Kop\u0159ivnice, z.s.<\/p>\n<p>\u00a0<\/p>\n<p><span style=\"color: #ff0000;\"><strong>Vzorov\u00fd formul\u00e1\u0159 &#8211; INFORMACE A SOUHLAS \u010dlena &#8211; GDPR se z\u00e1konn\u00fdm z\u00e1stupcem<\/strong><\/span><\/p>\n\n\n<div class=\"wp-block-file\"><a href=\"https:\/\/skkoprivnice.cz\/wp-content\/uploads\/2019\/09\/Vzorovy_formular_INFORMACE_A_SOUHLAS_clena_GDPR_se-zak_zastupcem.pdf\">Vzorovy_formular_INFORMACE_A_SOUHLAS_clena_GDPR_se-zak_zastupcem<\/a><a href=\"https:\/\/skkoprivnice.cz\/wp-content\/uploads\/2019\/09\/Vzorovy_formular_INFORMACE_A_SOUHLAS_clena_GDPR_se-zak_zastupcem.pdf\" class=\"wp-block-file__button\" download>Download<\/a><\/div>\n","protected":false},"excerpt":{"rendered":"<p>V\u00e1\u017een\u00ed rodi\u010de a \u010dlenov\u00e9 SK Kop\u0159ivnice, dovolujeme si V\u00e1s upozornit \u00a0(v souvislosti s Obecn\u00fdm na\u0159\u00edzen\u00edm o ochran\u011b osobn\u00edch \u00fadaj\u016f) \u00a0na<\/p>\n","protected":false},"author":1,"featured_media":0,"parent":0,"menu_order":0,"comment_status":"closed","ping_status":"closed","template":"","meta":[],"_links":{"self":[{"href":"https:\/\/skkoprivnice.cz\/index.php?rest_route=\/wp\/v2\/pages\/297"}],"collection":[{"href":"https:\/\/skkoprivnice.cz\/index.php?rest_route=\/wp\/v2\/pages"}],"about":[{"href":"https:\/\/skkoprivnice.cz\/index.php?rest_route=\/wp\/v2\/types\/page"}],"author":[{"embeddable":true,"href":"https:\/\/skkoprivnice.cz\/index.php?rest_route=\/wp\/v2\/users\/1"}],"replies":[{"embeddable":true,"href":"https:\/\/skkoprivnice.cz\/index.php?rest_route=%2Fwp%2Fv2%2Fcomments&post=297"}],"version-history":[{"count":12,"href":"https:\/\/skkoprivnice.cz\/index.php?rest_route=\/wp\/v2\/pages\/297\/revisions"}],"predecessor-version":[{"id":891,"href":"https:\/\/skkoprivnice.cz\/index.php?rest_route=\/wp\/v2\/pages\/297\/revisions\/891"}],"wp:attachment":[{"href":"https:\/\/skkoprivnice.cz\/index.php?rest_route=%2Fwp%2Fv2%2Fmedia&parent=297"}],"curies":[{"name":"wp","href":"https:\/\/api.w.org\/{rel}","templated":true}]}}