{"id":258,"date":"2018-08-29T15:27:16","date_gmt":"2018-08-29T13:27:16","guid":{"rendered":"http:\/\/skkoprivnice.cz\/?page_id=258"},"modified":"2020-02-13T09:14:53","modified_gmt":"2020-02-13T08:14:53","slug":"webkamera","status":"publish","type":"page","link":"https:\/\/skkoprivnice.cz\/?page_id=258","title":{"rendered":"WEBKAMERA"},"content":{"rendered":"\n<p><!--ZA\u010c\u00c1TEK \u010cL\u00c1NKU--><\/p>\n<article>\n<h2>On-line kamera kryt\u00fd baz\u00e9n Kop\u0159ivnice<\/h2>\n\n<iframe loading=\"lazy\"\n    src=\"https:\/\/player.twitch.tv\/?channel=skkoprivnice&#038;muted=true\"\n    height=\"360\"\n    width=\"640\"\n    frameborder=\"0\"\n    scrolling=\"no\"\n    allowfullscreen=\"true\">\n<\/iframe>\n\n<p style=\"margin-top: 0; margin-bottom: 0;\" align=\"center\">&nbsp;<\/p>\n<p style=\"margin-top: 0; margin-bottom: 0;\" align=\"center\">&nbsp;<\/p>\n<p style=\"margin-top: 0; margin-bottom: 0;\" align=\"center\">&nbsp;<\/p>\n<\/article>\n","protected":false},"excerpt":{"rendered":"<p>On-line kamera kryt\u00fd baz\u00e9n Kop\u0159ivnice &nbsp; &nbsp; &nbsp;<\/p>\n","protected":false},"author":1,"featured_media":0,"parent":0,"menu_order":0,"comment_status":"closed","ping_status":"closed","template":"","meta":[],"_links":{"self":[{"href":"https:\/\/skkoprivnice.cz\/index.php?rest_route=\/wp\/v2\/pages\/258"}],"collection":[{"href":"https:\/\/skkoprivnice.cz\/index.php?rest_route=\/wp\/v2\/pages"}],"about":[{"href":"https:\/\/skkoprivnice.cz\/index.php?rest_route=\/wp\/v2\/types\/page"}],"author":[{"embeddable":true,"href":"https:\/\/skkoprivnice.cz\/index.php?rest_route=\/wp\/v2\/users\/1"}],"replies":[{"embeddable":true,"href":"https:\/\/skkoprivnice.cz\/index.php?rest_route=%2Fwp%2Fv2%2Fcomments&post=258"}],"version-history":[{"count":15,"href":"https:\/\/skkoprivnice.cz\/index.php?rest_route=\/wp\/v2\/pages\/258\/revisions"}],"predecessor-version":[{"id":916,"href":"https:\/\/skkoprivnice.cz\/index.php?rest_route=\/wp\/v2\/pages\/258\/revisions\/916"}],"wp:attachment":[{"href":"https:\/\/skkoprivnice.cz\/index.php?rest_route=%2Fwp%2Fv2%2Fmedia&parent=258"}],"curies":[{"name":"wp","href":"https:\/\/api.w.org\/{rel}","templated":true}]}}