{"id":25,"date":"2018-08-22T18:19:14","date_gmt":"2018-08-22T18:19:14","guid":{"rendered":"http:\/\/skkoprivnice.cz\/?page_id=25"},"modified":"2024-05-04T14:02:14","modified_gmt":"2024-05-04T12:02:14","slug":"zavody","status":"publish","type":"page","link":"https:\/\/skkoprivnice.cz\/?page_id=25","title":{"rendered":"Z\u00c1VODY"},"content":{"rendered":"<h4><strong>Grand Prix m\u011bsta Brunt\u00e1lu 2024<\/strong><\/h4>\n<p>V sobotu 23. 3. 2024 se v\u00fdprava dev\u00edti mlad\u00fdch plavc\u016f vydala na 15. ro\u010dn\u00edk Grand Prix m\u011bsta Brunt\u00e1lu.<\/p>\n<p>Na\u0161im \u017e\u00e1k\u016fm se poda\u0159ilo vybojovat \u0161est cenn\u00fdch kov\u016f a dal\u0161\u00edch sedm um\u00edst\u011bn\u00ed na roz\u0161\u00ed\u0159en\u00e9m p\u00f3diu, kter\u00e1 byla ocen\u011bna diplomy.<\/p>\n<p>Ond\u0159ej Galia si vyplaval st\u0159\u00edbrnou medaili na 100 Z, k tomu p\u0159idal 5. m\u00edsto v discipl\u00edn\u011b 100 VZ. V celkov\u00e9m bodov\u00e9m hodnocen\u00ed skon\u010dil na \u0161est\u00e9m m\u00edst\u011b. Nela Mach\u00e1\u010dkov\u00e1 p\u0159edvedla skv\u011bl\u00fd z\u00e1vod na 100 P a um\u00edstila se na \u0161est\u00e9 p\u0159\u00ed\u010dce, a to cel\u00e9 v nov\u00e9m osobn\u00edm rekordu. Aneta Pant\u016f\u010dkov\u00e1 vybojovala nejcenn\u011bj\u0161\u00ed kov v z\u00e1vod\u011b na 50 P. Ve stejn\u00e9 discipl\u00edn\u011b na 5. m\u00edst\u011b doplavala Ad\u00e9la \u0160enke\u0159\u00edkov\u00e1, kter\u00e1 se prosadila tak\u00e9 na 50 M a z\u00edskala bramborovou medaili. Tade\u00e1\u0161 Veselsk\u00fd zv\u00edt\u011bzil v discipl\u00edn\u011b 50 M, na trati 50 Z skon\u010dil t\u0159et\u00ed. Nikol Vy\u0161kovsk\u00e1 se na 100 VZ um\u00edstila druh\u00e1 a bronz z\u00edsklala na znakov\u00e9 stovce.<\/p>\n<p>V\u0161em gratulujeme k v\u00fdskedk\u016fm a t\u011b\u0161\u00edme se na dal\u0161\u00ed z\u00e1vody.<\/p>\n<p>#jednavodajedentym<\/p>\n<p>V\u00fdsledky:<\/p>\n<p><img loading=\"lazy\" class=\"aligncenter size-full wp-image-2056\" src=\"https:\/\/skkoprivnice.cz\/wp-content\/uploads\/2024\/04\/37c70bda-4cf6-4d8b-963f-60dfa0dab999.jpeg\" alt=\"\" width=\"1000\" height=\"750\" srcset=\"https:\/\/skkoprivnice.cz\/wp-content\/uploads\/2024\/04\/37c70bda-4cf6-4d8b-963f-60dfa0dab999.jpeg 1000w, https:\/\/skkoprivnice.cz\/wp-content\/uploads\/2024\/04\/37c70bda-4cf6-4d8b-963f-60dfa0dab999-300x225.jpeg 300w, https:\/\/skkoprivnice.cz\/wp-content\/uploads\/2024\/04\/37c70bda-4cf6-4d8b-963f-60dfa0dab999-768x576.jpeg 768w\" sizes=\"(max-width: 1000px) 100vw, 1000px\" \/><\/p>\n<h4><\/h4>\n<h4><strong>Velk\u00e1 cena Olomouce<\/strong><time class=\"entry-date published\" datetime=\"2024-03-17T17:18:00+01:00\"><\/time><\/h4>\n<div class=\"entry-content clearfix\">\n<p>Dne 16. 3. 2024 se konaly dal\u0161\u00ed plaveck\u00e9 z\u00e1vody, tentokr\u00e1t v Olomouci. Na velkou cenu se vydala \u0161estice plavc\u016f z na\u0161eho klubu. Z\u00e1vody prob\u00edhaly na 50 metrov\u00e9m baz\u00e9n\u011b a to byla zejm\u00e9na pro juniory skv\u011bl\u00e1 p\u0159\u00edle\u017eitost zaplavat si kvalifika\u010dn\u00ed \u010dasy na nadch\u00e1zej\u00edc\u00ed M\u010cR. Se sv\u00fdmi starty se v\u0161ichni state\u010dn\u011b poprali a celkem dok\u00e1zali poko\u0159it \u0161estn\u00e1ct osobn\u00edch rekord\u016f.<\/p>\n<p>Gratulujeme k p\u0159edveden\u00fdm v\u00fdkon\u016fm!<\/p>\n<p>#jednavodajedentym<\/p>\n<p>V\u00fdsledky klubu:<\/p>\n<header class=\"entry-header\">\n<h1 class=\"entry-title\"><img loading=\"lazy\" class=\"aligncenter size-full wp-image-2049\" src=\"https:\/\/skkoprivnice.cz\/wp-content\/uploads\/2024\/04\/IMG_2431-scaled.jpeg\" alt=\"\" width=\"2560\" height=\"1920\" srcset=\"https:\/\/skkoprivnice.cz\/wp-content\/uploads\/2024\/04\/IMG_2431-scaled.jpeg 2560w, https:\/\/skkoprivnice.cz\/wp-content\/uploads\/2024\/04\/IMG_2431-300x225.jpeg 300w, https:\/\/skkoprivnice.cz\/wp-content\/uploads\/2024\/04\/IMG_2431-1024x768.jpeg 1024w, https:\/\/skkoprivnice.cz\/wp-content\/uploads\/2024\/04\/IMG_2431-768x576.jpeg 768w, https:\/\/skkoprivnice.cz\/wp-content\/uploads\/2024\/04\/IMG_2431-1536x1152.jpeg 1536w, https:\/\/skkoprivnice.cz\/wp-content\/uploads\/2024\/04\/IMG_2431-2048x1536.jpeg 2048w\" sizes=\"(max-width: 2560px) 100vw, 2560px\" \/><\/h1>\n<\/header>\n<\/div>\n<h4><strong><br \/>\nPlze\u0148sk\u00fd vytrvalec 2024<\/strong><\/h4>\n<p>Od p\u00e1tku 1. 3. do ned\u011ble 3. 3. 2024 z\u00e1vodila skupina star\u0161\u00edch \u017e\u00e1k\u016f a junior\u016f na Plze\u0148sk\u00e9m vytrvalci. Do Plzn\u011b odjela \u010dtve\u0159ice z\u00e1vodn\u00edk\u016f. Byly poko\u0159eny t\u00e9m\u011b\u0159 v\u0161echny osobn\u00ed rekordy z dlouh\u00e9ho baz\u00e9nu, v\u00fdjimkou nebyla ani medailov\u00e1 um\u00edst\u011bn\u00ed.<\/p>\n<p>O nejv\u00edce z nich se postaral Ji\u0159\u00ed Z\u00e1topek, kter\u00fd si vyplaval zlato na 200 Z, \u010dty\u0159ikr\u00e1t sko\u010dil na druh\u00e9 pozici (200 PZ, 200 M, 200 VZ, 1500 VZ) a bronzovou medaili z\u00edskal v discipl\u00edn\u011b 50 M. Nejcenn\u011bj\u0161\u00ed kov si tak\u00e9 vybojovala Barbora Jal\u016fvkov\u00e1 v nejdel\u0161\u00ed discipl\u00edn\u011b 1500 VZ. Vendula Schwarzov\u00e1 na stejn\u00e9 distanci doplavala druh\u00e1. Pozadu nez\u016fstal ani Kuba Kvita, kter\u00fd si ve v\u0161ech sv\u00fdch startech vylep\u0161il osobn\u00ed rekordy.<\/p>\n<p>K p\u0159edveden\u00fdm v\u00fdkon\u016fm blahop\u0159ejeme.<\/p>\n<p>#jednavodajedentym<\/p>\n<p>V\u00fdsledky: <a href=\"https:\/\/skkoprivnice.cz\/wp-content\/uploads\/2024\/03\/vysledky_vytrvalec.pdf\">v\u00fdsledky_vytrvalec<\/a><\/p>\n<p><img loading=\"lazy\" class=\"aligncenter size-full wp-image-2020\" src=\"https:\/\/skkoprivnice.cz\/wp-content\/uploads\/2024\/03\/IMG_1503-scaled.jpg\" alt=\"\" width=\"2560\" height=\"1920\" srcset=\"https:\/\/skkoprivnice.cz\/wp-content\/uploads\/2024\/03\/IMG_1503-scaled.jpg 2560w, https:\/\/skkoprivnice.cz\/wp-content\/uploads\/2024\/03\/IMG_1503-300x225.jpg 300w, https:\/\/skkoprivnice.cz\/wp-content\/uploads\/2024\/03\/IMG_1503-1024x768.jpg 1024w, https:\/\/skkoprivnice.cz\/wp-content\/uploads\/2024\/03\/IMG_1503-768x576.jpg 768w, https:\/\/skkoprivnice.cz\/wp-content\/uploads\/2024\/03\/IMG_1503-1536x1152.jpg 1536w, https:\/\/skkoprivnice.cz\/wp-content\/uploads\/2024\/03\/IMG_1503-2048x1536.jpg 2048w\" sizes=\"(max-width: 2560px) 100vw, 2560px\" \/><\/p>\n<h4><\/h4>\n<h4><strong>Semifin\u00e1le M\u010cR dru\u017estev 2024<\/strong><\/h4>\n<p>Dne 24. a 25. \u00fanora 2024 se v Pardubic\u00edch konalo semifin\u00e1le mistrovstv\u00ed \u010cR dru\u017estev. Semifin\u00e1le bylo rozd\u011bleno na dv\u011b skupiny prvn\u00ed skupina (A) z\u00e1vodila v Praze a druh\u00e1 skupina (B) v Pardubic\u00edch. Z na\u0161eho klubu se dok\u00e1zalo kvalifikovat dru\u017estvo d\u011bv\u010dat ve slo\u017een\u00ed Michaela Babincov\u00e1, Am\u00e1lie Dvo\u0159\u00e1kov\u00e1, \u0160\u00e1rka Jadrn\u00ed\u010dkov\u00e1, Barbora Jal\u016fvkov\u00e1, Karol\u00edna Ka\u0161p\u00e1rkov\u00e1, Krist\u00fdna Konvi\u010dkov\u00e1, Michaela Richterov\u00e1 a Vendula Schwarzov\u00e1.<\/p>\n<p>V obrovsk\u00e9 konkurenci velk\u00fdch klub\u016f obsadila skupina kop\u0159ivnick\u00fdch plavky\u0148 v Pardubic\u00edch 16. m\u00edsto pouze p\u00e1r bod\u016f za PK Zl\u00edn a v celkov\u00e9m sou\u010dtu obou skupin vybojovala d\u011bv\u010data kr\u00e1snou 30. pozici.<\/p>\n<p>D\u011bkujeme za reprezentaci klubu.<\/p>\n<p>#jednavodajedentym<\/p>\n<p><img loading=\"lazy\" class=\"aligncenter size-full wp-image-2014\" src=\"https:\/\/skkoprivnice.cz\/wp-content\/uploads\/2024\/03\/IMG_2358-scaled.jpg\" alt=\"\" width=\"2560\" height=\"1920\" srcset=\"https:\/\/skkoprivnice.cz\/wp-content\/uploads\/2024\/03\/IMG_2358-scaled.jpg 2560w, https:\/\/skkoprivnice.cz\/wp-content\/uploads\/2024\/03\/IMG_2358-300x225.jpg 300w, https:\/\/skkoprivnice.cz\/wp-content\/uploads\/2024\/03\/IMG_2358-1024x768.jpg 1024w, https:\/\/skkoprivnice.cz\/wp-content\/uploads\/2024\/03\/IMG_2358-768x576.jpg 768w, https:\/\/skkoprivnice.cz\/wp-content\/uploads\/2024\/03\/IMG_2358-1536x1152.jpg 1536w, https:\/\/skkoprivnice.cz\/wp-content\/uploads\/2024\/03\/IMG_2358-2048x1536.jpg 2048w\" sizes=\"(max-width: 2560px) 100vw, 2560px\" \/><\/p>\n<h4><\/h4>\n<h4><strong>Mistrovstv\u00ed \u010cR dru\u017estev I. kolo 2024<\/strong><\/h4>\n<p>V sobotu 27. 1. se uskute\u010dnily prvn\u00ed plaveck\u00e9 z\u00e1vody v roce 2024. Jednalo se o prvn\u00ed kolo Mistrovstv\u00ed \u010cR dru\u017estev. SK Kop\u0159ivnice dok\u00e1zal poskl\u00e1dat celkem dva t\u00fdmy (\u017eeny a mu\u017ei). Mu\u017esk\u00e9 dru\u017estvo tvo\u0159ilo celkem 9 plavc\u016f a ti zvl\u00e1dli nasb\u00edrat 8374 FINA bod\u016f, co\u017e sta\u010dilo na kr\u00e1sn\u00e9 7. m\u00edsto v oblasti MSK. \u017densk\u00e9 dru\u017estvo se s po\u010dtem 12910 FINA bod\u016f dok\u00e1zalo um\u00edstit na skv\u011bl\u00e9m 3. m\u00edst\u011b hned za dv\u011bma dru\u017estvy z KPS Ostrava. To jim zajistilo postup do semifin\u00e1le, kter\u00e9 se bude konat v Pardubic\u00edch 24. &#8211; 25. 2. 2024.<\/p>\n<p>V\u0161em z\u00fa\u010dastn\u011bn\u00fdm gratulujeme a p\u0159ejeme hodn\u011b \u0161t\u011bst\u00ed.<\/p>\n<p>#jednavodajedentym<\/p>\n<p>V\u00fdsledky: <a href=\"https:\/\/skkoprivnice.cz\/wp-content\/uploads\/2024\/02\/Bodove_vykony_klubu_FINAL_02.pdf\">Bodov\u00e9_v\u00fdkony_klub\u016f_FINAL_02<\/a><\/p>\n<p><img loading=\"lazy\" class=\"aligncenter size-full wp-image-1998\" src=\"https:\/\/skkoprivnice.cz\/wp-content\/uploads\/2024\/02\/IMG_2261-scaled.jpg\" alt=\"\" width=\"2560\" height=\"1920\" srcset=\"https:\/\/skkoprivnice.cz\/wp-content\/uploads\/2024\/02\/IMG_2261-scaled.jpg 2560w, https:\/\/skkoprivnice.cz\/wp-content\/uploads\/2024\/02\/IMG_2261-300x225.jpg 300w, https:\/\/skkoprivnice.cz\/wp-content\/uploads\/2024\/02\/IMG_2261-1024x768.jpg 1024w, https:\/\/skkoprivnice.cz\/wp-content\/uploads\/2024\/02\/IMG_2261-768x576.jpg 768w, https:\/\/skkoprivnice.cz\/wp-content\/uploads\/2024\/02\/IMG_2261-1536x1152.jpg 1536w, https:\/\/skkoprivnice.cz\/wp-content\/uploads\/2024\/02\/IMG_2261-2048x1536.jpg 2048w\" sizes=\"(max-width: 2560px) 100vw, 2560px\" \/><\/p>\n","protected":false},"excerpt":{"rendered":"<p>Grand Prix m\u011bsta Brunt\u00e1lu 2024 V sobotu 23. 3. 2024 se v\u00fdprava dev\u00edti mlad\u00fdch plavc\u016f vydala na 15. ro\u010dn\u00edk Grand<\/p>\n","protected":false},"author":1,"featured_media":0,"parent":0,"menu_order":0,"comment_status":"closed","ping_status":"closed","template":"","meta":[],"_links":{"self":[{"href":"https:\/\/skkoprivnice.cz\/index.php?rest_route=\/wp\/v2\/pages\/25"}],"collection":[{"href":"https:\/\/skkoprivnice.cz\/index.php?rest_route=\/wp\/v2\/pages"}],"about":[{"href":"https:\/\/skkoprivnice.cz\/index.php?rest_route=\/wp\/v2\/types\/page"}],"author":[{"embeddable":true,"href":"https:\/\/skkoprivnice.cz\/index.php?rest_route=\/wp\/v2\/users\/1"}],"replies":[{"embeddable":true,"href":"https:\/\/skkoprivnice.cz\/index.php?rest_route=%2Fwp%2Fv2%2Fcomments&post=25"}],"version-history":[{"count":81,"href":"https:\/\/skkoprivnice.cz\/index.php?rest_route=\/wp\/v2\/pages\/25\/revisions"}],"predecessor-version":[{"id":2082,"href":"https:\/\/skkoprivnice.cz\/index.php?rest_route=\/wp\/v2\/pages\/25\/revisions\/2082"}],"wp:attachment":[{"href":"https:\/\/skkoprivnice.cz\/index.php?rest_route=%2Fwp%2Fv2%2Fmedia&parent=25"}],"curies":[{"name":"wp","href":"https:\/\/api.w.org\/{rel}","templated":true}]}}